{"id":2,"date":"2023-03-30T13:41:57","date_gmt":"2023-03-30T13:41:57","guid":{"rendered":"https:\/\/marinamilicevicblazicko.com\/?page_id=2"},"modified":"2024-08-12T09:08:29","modified_gmt":"2024-08-12T09:08:29","slug":"sample-page","status":"publish","type":"page","link":"https:\/\/marinamilicevicblazicko.com\/?page_id=2","title":{"rendered":"O meni"},"content":{"rendered":"\r\n<figure class=\"wp-block-image size-thumbnail\"><img loading=\"lazy\" decoding=\"async\" class=\"alignleft wp-image-331 size-thumbnail\" src=\"https:\/\/marinamilicevicblazicko.com\/wp-content\/uploads\/2023\/04\/MMB-150x150.jpg\" alt=\"\" width=\"150\" height=\"150\" \/><\/figure>\r\n\r\n\r\n\r\n<p>Ro\u0111ena sam 1957. godine u Zagrebu. Magistrirala sam ekonomiju, proputovala pola svijeta, ve\u0107i dio \u017eivota radila sam u turizmu. U braku sam, imam supruga, dva sina i troje unu\u010dadi. Nakon vi\u0161e od 40 godina prou\u010davanja astrologije i tuma\u010denja natalnih karata, napisala sam knjigu <strong>ASTROLOGIJA #mojapri\u010da.\u00a0 <\/strong>Narud\u017ebe za tuma\u010denje natalne karte, usporednih horoskopa, solarnog horoskopa i Va\u0161a pitanja mo\u017eete poslati emailom<\/p>\r\n<p><a href=\"mailto:marina.milicevic.blazicko@gmail.com\">marina.milicevic.blazicko@gmail.com<\/a><\/p>\r\n","protected":false},"excerpt":{"rendered":"<p>Ro\u0111ena sam 1957. godine u Zagrebu. Magistrirala sam ekonomiju, proputovala pola svijeta, ve\u0107i dio \u017eivota radila sam u turizmu. U braku sam, imam supruga, dva sina i troje unu\u010dadi. Nakon vi\u0161e od 40 godina prou\u010davanja astrologije i tuma\u010denja natalnih karata, napisala sam knjigu ASTROLOGIJA #mojapri\u010da.\u00a0 Narud\u017ebe za tuma\u010denje natalne karte, usporednih horoskopa, solarnog horoskopa i&hellip;&nbsp;<a href=\"https:\/\/marinamilicevicblazicko.com\/?page_id=2\" rel=\"bookmark\">Read More &raquo;<span class=\"screen-reader-text\">O meni<\/span><\/a><\/p>\n","protected":false},"author":1,"featured_media":0,"parent":0,"menu_order":0,"comment_status":"closed","ping_status":"open","template":"","meta":{"neve_meta_sidebar":"","neve_meta_container":"","neve_meta_enable_content_width":"off","neve_meta_content_width":100,"neve_meta_title_alignment":"","neve_meta_author_avatar":"","neve_post_elements_order":"","neve_meta_disable_header":"","neve_meta_disable_footer":"","neve_meta_disable_title":"","footnotes":""},"class_list":["post-2","page","type-page","status-publish","hentry"],"blog_post_layout_featured_media_urls":{"thumbnail":"","full":""},"categories_names":null,"comments_number":"0","jetpack_sharing_enabled":true,"_links":{"self":[{"href":"https:\/\/marinamilicevicblazicko.com\/index.php?rest_route=\/wp\/v2\/pages\/2","targetHints":{"allow":["GET"]}}],"collection":[{"href":"https:\/\/marinamilicevicblazicko.com\/index.php?rest_route=\/wp\/v2\/pages"}],"about":[{"href":"https:\/\/marinamilicevicblazicko.com\/index.php?rest_route=\/wp\/v2\/types\/page"}],"author":[{"embeddable":true,"href":"https:\/\/marinamilicevicblazicko.com\/index.php?rest_route=\/wp\/v2\/users\/1"}],"replies":[{"embeddable":true,"href":"https:\/\/marinamilicevicblazicko.com\/index.php?rest_route=%2Fwp%2Fv2%2Fcomments&post=2"}],"version-history":[{"count":29,"href":"https:\/\/marinamilicevicblazicko.com\/index.php?rest_route=\/wp\/v2\/pages\/2\/revisions"}],"predecessor-version":[{"id":2727,"href":"https:\/\/marinamilicevicblazicko.com\/index.php?rest_route=\/wp\/v2\/pages\/2\/revisions\/2727"}],"wp:attachment":[{"href":"https:\/\/marinamilicevicblazicko.com\/index.php?rest_route=%2Fwp%2Fv2%2Fmedia&parent=2"}],"curies":[{"name":"wp","href":"https:\/\/api.w.org\/{rel}","templated":true}]}}