{"id":553,"date":"2023-07-08T06:01:23","date_gmt":"2023-07-08T06:01:23","guid":{"rendered":"https:\/\/marinamilicevicblazicko.com\/?page_id=553"},"modified":"2026-02-01T09:15:05","modified_gmt":"2026-02-01T09:15:05","slug":"knjiga","status":"publish","type":"page","link":"https:\/\/marinamilicevicblazicko.com\/?page_id=553","title":{"rendered":"Knjiga"},"content":{"rendered":"\r\n<p><img loading=\"lazy\" decoding=\"async\" class=\"alignleft wp-image-501 size-thumbnail\" src=\"https:\/\/marinamilicevicblazicko.com\/wp-content\/uploads\/2023\/07\/sketchbook-proba521-4-150x150.jpg\" alt=\"\" width=\"150\" height=\"150\" \/>Trebate originalan, zanimljiv poklon za dragu osobu? Poklonite sebi, njoj ili njemu ovu knjigu, pisanu za sve koje zanima astrologija i koji \u017eele ne\u0161to vi\u0161e saznati o sebi i svojim prijateljima. Zanimljivo, zabavno i pou\u010dno \u0161tivo za svakoga! Knjiga je naro\u010dito prikladna za mlade ljude jer je pisana jednostavnim, lako razumljivim jezikom i stilom.<\/p>\r\n\r\n\r\n\r\n\r\n\r\n<p>Da li Vas zanima \u0161to pokazuje natalna karta Va\u0161eg djeteta? Kakve mogu\u0107nosti donosi? Koje talente i sposobnosti treba razvijati? U \u010demu je snaga, a u \u010demu slabost? Kako razmi\u0161lja i u\u010di, kako djeluje i kamo \u0107e ga sve to odvesti? Skoro sve o temperamentu, karakteru, sposobnostima i \u017eivotnom putu Va\u0161eg djeteta mo\u017eete saznati iz analize natalnog horoskopa.\u00a0<\/p>\r\n\r\n\r\n\r\n<p>Cijena 19,78 \u20ac.<\/p>\r\n\r\n\r\n\r\n<p><strong>Pla\u0107anje pouze\u0107em ili na ra\u010dun u banci. Narud\u017ebu po\u0161aljite emailom na adresu: <a href=\"mailto:marina.milicevic.blazicko@gmail.com\">marina.milicevic.blazicko@gmail.com<\/a><\/strong><\/p>\r\n\r\n\r\n\r\n<p>DOSTAVA U HRVATSKOJ BESPLATNA.<\/p>\r\n\r\n\r\n\r\n<p>Za narud\u017ebe izvan Hrvatske, (cijeli svijet) dostavu zara\u010dunavamo prema va\u017ee\u0107em cjeniku Hrvatske po\u0161te. Pla\u0107anje pouze\u0107em izvan Hrvatske nije mogu\u0107e, pa \u0107emo Vam broj ra\u010duna za uplatu poslati po primitku narud\u017ebe.<\/p>\r\n","protected":false},"excerpt":{"rendered":"<p>Trebate originalan, zanimljiv poklon za dragu osobu? Poklonite sebi, njoj ili njemu ovu knjigu, pisanu za sve koje zanima astrologija i koji \u017eele ne\u0161to vi\u0161e saznati o sebi i svojim prijateljima. Zanimljivo, zabavno i pou\u010dno \u0161tivo za svakoga! Knjiga je naro\u010dito prikladna za mlade ljude jer je pisana jednostavnim, lako razumljivim jezikom i stilom. Da&hellip;&nbsp;<a href=\"https:\/\/marinamilicevicblazicko.com\/?page_id=553\" rel=\"bookmark\">Read More &raquo;<span class=\"screen-reader-text\">Knjiga<\/span><\/a><\/p>\n","protected":false},"author":1,"featured_media":0,"parent":0,"menu_order":0,"comment_status":"closed","ping_status":"closed","template":"","meta":{"neve_meta_sidebar":"","neve_meta_container":"","neve_meta_enable_content_width":"off","neve_meta_content_width":100,"neve_meta_title_alignment":"","neve_meta_author_avatar":"","neve_post_elements_order":"","neve_meta_disable_header":"","neve_meta_disable_footer":"","neve_meta_disable_title":"","footnotes":""},"class_list":["post-553","page","type-page","status-publish","hentry"],"blog_post_layout_featured_media_urls":{"thumbnail":"","full":""},"categories_names":null,"comments_number":"0","jetpack_sharing_enabled":true,"_links":{"self":[{"href":"https:\/\/marinamilicevicblazicko.com\/index.php?rest_route=\/wp\/v2\/pages\/553","targetHints":{"allow":["GET"]}}],"collection":[{"href":"https:\/\/marinamilicevicblazicko.com\/index.php?rest_route=\/wp\/v2\/pages"}],"about":[{"href":"https:\/\/marinamilicevicblazicko.com\/index.php?rest_route=\/wp\/v2\/types\/page"}],"author":[{"embeddable":true,"href":"https:\/\/marinamilicevicblazicko.com\/index.php?rest_route=\/wp\/v2\/users\/1"}],"replies":[{"embeddable":true,"href":"https:\/\/marinamilicevicblazicko.com\/index.php?rest_route=%2Fwp%2Fv2%2Fcomments&post=553"}],"version-history":[{"count":11,"href":"https:\/\/marinamilicevicblazicko.com\/index.php?rest_route=\/wp\/v2\/pages\/553\/revisions"}],"predecessor-version":[{"id":3253,"href":"https:\/\/marinamilicevicblazicko.com\/index.php?rest_route=\/wp\/v2\/pages\/553\/revisions\/3253"}],"wp:attachment":[{"href":"https:\/\/marinamilicevicblazicko.com\/index.php?rest_route=%2Fwp%2Fv2%2Fmedia&parent=553"}],"curies":[{"name":"wp","href":"https:\/\/api.w.org\/{rel}","templated":true}]}}